{"id":244046,"date":"2022-09-01T13:49:11","date_gmt":"2022-09-01T11:49:11","guid":{"rendered":"http:\/\/www.wescona.com\/politique-de-confidentialite\/"},"modified":"2024-05-30T15:58:26","modified_gmt":"2024-05-30T13:58:26","slug":"politique-de-confidentialite","status":"publish","type":"page","link":"https:\/\/www.wescona.com\/fr-ca\/politique-de-confidentialite\/","title":{"rendered":"Politique de confidentialit\u00e9"},"content":{"rendered":"<p>[et_pb_section fb_built= &raquo;1&Prime; admin_label= &raquo;En-t\u00eate titre &raquo; _builder_version= &raquo;4.18.0&Prime; _module_preset= &raquo;default &raquo; background_color= &raquo;#f9f9f9&Prime; global_colors_info= &raquo;{} &raquo;][et_pb_row custom_padding_last_edited= &raquo;on|phone &raquo; _builder_version= &raquo;4.16&Prime; _module_preset= &raquo;default &raquo; custom_padding= &raquo;2vh||2vh||true|false &raquo; custom_padding_tablet= &raquo; &raquo; custom_padding_phone= &raquo;0vh||0vh||true|false &raquo; global_colors_info= &raquo;{} &raquo;][et_pb_column type= &raquo;4_4&Prime; _builder_version= &raquo;4.16&Prime; _module_preset= &raquo;default &raquo; global_colors_info= &raquo;{} &raquo;][et_pb_text _builder_version= &raquo;4.18.0&Prime; _module_preset= &raquo;default &raquo; header_font= &raquo;Oswald|600||||||| &raquo; header_text_color= &raquo;#125671&Prime; header_font_size= &raquo;2.5vw &raquo; text_font_size_last_edited= &raquo;off|desktop &raquo; header_font_size_tablet= &raquo;4vw &raquo; header_font_size_phone= &raquo;30px &raquo; header_font_size_last_edited= &raquo;on|phone &raquo; global_colors_info= &raquo;{} &raquo;]<\/p>\n<h1>Politique de confidentialit\u00e9<\/h1>\n<p>[\/et_pb_text][\/et_pb_column][\/et_pb_row][\/et_pb_section][et_pb_section fb_built= &raquo;1&Prime; custom_padding_last_edited= &raquo;on|phone &raquo; admin_label= &raquo;Contenus &raquo; _builder_version= &raquo;4.16&Prime; _module_preset= &raquo;default &raquo; custom_margin_tablet= &raquo; &raquo; custom_margin_phone= &raquo;0px||0px||true|false &raquo; custom_margin_last_edited= &raquo;on|phone &raquo; custom_padding= &raquo;||29px||| &raquo; custom_padding_tablet= &raquo; &raquo; custom_padding_phone= &raquo;0px||0px||true|false &raquo; global_colors_info= &raquo;{} &raquo;][et_pb_row custom_padding_last_edited= &raquo;on|desktop &raquo; _builder_version= &raquo;4.18.0&Prime; _module_preset= &raquo;default &raquo; custom_padding= &raquo;||0px||false|false &raquo; custom_padding_tablet= &raquo;||0px||false|false &raquo; custom_padding_phone= &raquo;||0px||false|false &raquo; global_colors_info= &raquo;{} &raquo;][et_pb_column type= &raquo;4_4&Prime; _builder_version= &raquo;4.16&Prime; _module_preset= &raquo;default &raquo; global_colors_info= &raquo;{} &raquo;][et_pb_text _builder_version= &raquo;4.18.0&Prime; _module_preset= &raquo;default &raquo; text_font= &raquo;Open Sans|300||||||| &raquo; text_font_size= &raquo;1.3em &raquo; header_2_font= &raquo;Oswald|||||||| &raquo; header_2_font_size= &raquo;1.5vw &raquo; text_font_size_tablet= &raquo;1.2em &raquo; text_font_size_phone= &raquo;16px &raquo; text_font_size_last_edited= &raquo;on|desktop &raquo; header_2_font_size_tablet= &raquo;3vw &raquo; header_2_font_size_phone= &raquo;24px &raquo; header_2_font_size_last_edited= &raquo;on|phone &raquo; global_colors_info= &raquo;{} &raquo;]<\/p>\n<h2>Politique de confidentialit\u00e9<\/h2>\n<p>Nous vous remercions de visiter le site Web de WESCO North America. Ce site Web est la propri\u00e9t\u00e9 exclusive de WESCO N.A. Inc.\u200b<br \/>\n\u200b<br \/>\nAdresse postale :\u200b<br \/>\nBureaux de l&rsquo;entreprise\u200b<br \/>\nWESCO N. A. Inc.\u200b<br \/>\n770 St Henri\u200b<br \/>\nPrinceville, G6L5R2, QC, Canada\u200b<\/p>\n<p>WESCO N.A. Inc est une filiale du groupe WESCO : <a href=\"https:\/\/www.wesco-group.com\" target=\"_blank\" rel=\"noopener\"><strong>www.wesco-group.com<\/strong><\/a>\u200b<\/p>\n<p>Vous pouvez nous joindre par courriel \u00e0 <a href=\"mailto:info@wescona.com\"><strong>info@wescona.com<\/strong><\/a>. Vous pouvez \u00e9galement nous joindre par t\u00e9l\u00e9phone au <strong>(888) 364-2644.\u200b<\/strong>[\/et_pb_text][et_pb_text _builder_version= &raquo;4.18.0&Prime; _module_preset= &raquo;default &raquo; text_font= &raquo;Open Sans|300||||||| &raquo; text_font_size= &raquo;1.3em &raquo; header_2_font= &raquo;Oswald|||||||| &raquo; header_2_font_size= &raquo;1.5vw &raquo; text_font_size_tablet= &raquo;1.2em &raquo; text_font_size_phone= &raquo;16px &raquo; text_font_size_last_edited= &raquo;on|desktop &raquo; header_2_font_size_tablet= &raquo;3vw &raquo; header_2_font_size_phone= &raquo;24px &raquo; header_2_font_size_last_edited= &raquo;on|phone &raquo; global_colors_info= &raquo;{} &raquo;]<\/p>\n<h2>Confidentialit\u00e9 et s\u00e9curit\u00e9<\/h2>\n<p>WESCO N.A. Inc. est le seul propri\u00e9taire des renseignements recueillis sur ce site. Nous sommes soucieux de prot\u00e9ger votre vie priv\u00e9e en ligne. Toute information que vous fournissez \u00e0 WESCO N.A. Inc. sera trait\u00e9 avec le plus grand soin. Nous ne vendons pas, ne louons pas et ne pr\u00eatons pas les informations des visiteurs \u00e0 des tiers. Nous transmettons vos informations uniquement dans le cas o\u00f9 vous l\u2019avez demand\u00e9. Le seul type d\u2019information sur nos visiteurs que nous recevons et stockons est obtenu directement d\u2019eux. \u200b<\/p>\n<p>Nous avons mis en place les mesures de s\u00e9curit\u00e9 appropri\u00e9es afin de nous prot\u00e9ger contre la perte, l&rsquo;utilisation abusive ou l&rsquo;alt\u00e9ration des informations que nous pouvons stocker. Vous avez la possibilit\u00e9 d&rsquo;acc\u00e9der aux informations vous concernant en nous contactant. \u200b[\/et_pb_text][et_pb_text _builder_version= &raquo;4.18.0&Prime; _module_preset= &raquo;default &raquo; text_font= &raquo;Open Sans|300||||||| &raquo; text_font_size= &raquo;1.3em &raquo; header_2_font= &raquo;Oswald|||||||| &raquo; header_2_font_size= &raquo;1.5vw &raquo; text_font_size_tablet= &raquo;1.2em &raquo; text_font_size_phone= &raquo;16px &raquo; text_font_size_last_edited= &raquo;on|desktop &raquo; header_2_font_size_tablet= &raquo;3vw &raquo; header_2_font_size_phone= &raquo;24px &raquo; header_2_font_size_last_edited= &raquo;on|phone &raquo; global_colors_info= &raquo;{} &raquo;]<\/p>\n<h2>Cookies<\/h2>\n<p>Comme de nombreuses entreprises, nous utilisons parfois la technologie des &laquo; cookies &raquo; sur notre site web. Ces cookies sont stock\u00e9s sur votre ordinateur par votre navigateur. Lorsque vous vous connectez, ce type de cookie nous indique si vous avez d\u00e9j\u00e0 visit\u00e9 notre site ou si vous \u00eates un nouveau visiteur. Le cookie ne permet pas d&rsquo;obtenir des informations personnelles vous concernant, ni de vous contacter, et n&rsquo;extrait aucune information de votre ordinateur. Nous utilisons le cookie pour nous aider \u00e0 identifier les caract\u00e9ristiques du site qui vous int\u00e9ressent le plus, afin de vous proposer des contenus pertinents.\u200b<\/p>\n<p>Notre objectif est de vous fournir des services qui vous sont utiles et non de tirer profit de vos informations en les vendant \u00e0 des tiers.\u200b[\/et_pb_text][et_pb_text _builder_version= &raquo;4.18.0&Prime; _module_preset= &raquo;default &raquo; text_font= &raquo;Open Sans|300||||||| &raquo; text_font_size= &raquo;1.3em &raquo; header_2_font= &raquo;Oswald|||||||| &raquo; header_2_font_size= &raquo;1.5vw &raquo; text_font_size_tablet= &raquo;1.2em &raquo; text_font_size_phone= &raquo;16px &raquo; text_font_size_last_edited= &raquo;on|desktop &raquo; header_2_font_size_tablet= &raquo;3vw &raquo; header_2_font_size_phone= &raquo;24px &raquo; header_2_font_size_last_edited= &raquo;on|phone &raquo; global_colors_info= &raquo;{} &raquo;]<\/p>\n<h2>Enfants<\/h2>\n<p>La vie priv\u00e9e des enfants est une pr\u00e9occupation majeure pour nous, notre politique et nos pratiques refl\u00e8tent les lois et r\u00e9glementations applicables en mati\u00e8re de vie priv\u00e9e des enfants. Nous ne recueillons pas sciemment d&rsquo;informations personnelles aupr\u00e8s d&rsquo;enfants de moins de 13 ans. Toute communication que nous recevons et qui est identifi\u00e9e comme provenant d&rsquo;un enfant de moins de 13 ans ne sera pas conserv\u00e9e.<\/p>\n<p>[\/et_pb_text][et_pb_text _builder_version= &raquo;4.18.0&Prime; _module_preset= &raquo;default &raquo; text_font= &raquo;Open Sans|300||||||| &raquo; text_font_size= &raquo;1.3em &raquo; header_2_font= &raquo;Oswald|||||||| &raquo; header_2_font_size= &raquo;1.5vw &raquo; text_font_size_tablet= &raquo;1.2em &raquo; text_font_size_phone= &raquo;16px &raquo; text_font_size_last_edited= &raquo;on|desktop &raquo; header_2_font_size_tablet= &raquo;3vw &raquo; header_2_font_size_phone= &raquo;24px &raquo; header_2_font_size_last_edited= &raquo;on|phone &raquo; global_colors_info= &raquo;{} &raquo;]<\/p>\n<h2>Copyright<\/h2>\n<p>Tout le contenu de ce site web (textes, marques de commerce, logos, graphiques, animations, ic\u00f4nes, images photographiques, compilations de donn\u00e9es et fonctions de recherche) est la propri\u00e9t\u00e9 de WESCO N. A. Inc. (Princeville, Canada) et de WESCO SA (Cerizay, France) et est prot\u00e9g\u00e9 par les lois am\u00e9ricaines et internationales sur le droit d&rsquo;auteur. Il est strictement interdit de reproduire ou d&rsquo;utiliser tout contenu de ce site Web sans l&rsquo;approbation de WESCO.\u200b<\/p>\n<p>En utilisant ce site Web, vous acceptez les politiques \u00e9nonc\u00e9es dans la pr\u00e9sente d\u00e9claration de confidentialit\u00e9 et de s\u00e9curit\u00e9. Nous pouvons modifier cette politique \u00e0 tout moment alors nous vous invitons \u00e0 la consulter r\u00e9guli\u00e8rement.[\/et_pb_text][\/et_pb_column][\/et_pb_row][\/et_pb_section][et_pb_section fb_built= &raquo;1&Prime; custom_padding_last_edited= &raquo;on|phone &raquo; _builder_version= &raquo;4.18.0&Prime; _module_preset= &raquo;default &raquo; custom_margin= &raquo;||||false|false &raquo; custom_padding_tablet= &raquo;0px||0px||false|false &raquo; custom_padding_phone= &raquo;0px||0px||true|false &raquo; global_colors_info= &raquo;{} &raquo;][et_pb_row column_structure= &raquo;1_3,1_3,1_3&Prime; _builder_version= &raquo;4.19.1&Prime; _module_preset= &raquo;default &raquo; custom_padding= &raquo;0px||0px||false|false &raquo; global_colors_info= &raquo;{} &raquo;][et_pb_column type= &raquo;1_3&Prime; _builder_version= &raquo;4.18.0&Prime; _module_preset= &raquo;default &raquo; global_colors_info= &raquo;{} &raquo;][\/et_pb_column][et_pb_column type= &raquo;1_3&Prime; _builder_version= &raquo;4.18.0&Prime; _module_preset= &raquo;default &raquo; global_colors_info= &raquo;{} &raquo;][et_pb_button button_url= &raquo;https:\/\/www.wescona.com\/fr-ca\/ &raquo; button_text= &raquo;Retour \u00e0 l&rsquo;accueil &raquo; button_alignment= &raquo;center &raquo; _builder_version= &raquo;4.19.1&Prime; _module_preset= &raquo;default &raquo; custom_button= &raquo;on &raquo; button_text_color= &raquo;#FFFFFF &raquo; button_bg_color= &raquo;#125671&Prime; button_border_width= &raquo;0px &raquo; button_border_radius= &raquo;30px &raquo; button_font= &raquo;Oswald|||||||| &raquo; button_icon= &raquo;&#xe074;||divi||400&Prime; button_icon_color= &raquo;#FFFFFF &raquo; button_icon_placement= &raquo;left &raquo; button_on_hover= &raquo;off &raquo; custom_margin_tablet= &raquo; &raquo; custom_margin_phone= &raquo;30px||||false|false &raquo; custom_margin_last_edited= &raquo;on|phone &raquo; custom_padding= &raquo;8px|30px|8px|50px|true|false &raquo; custom_css_main_element= &raquo;transform: scale(1);||transform-origin: center; &raquo; global_colors_info= &raquo;{} &raquo; custom_css_main_element__hover_enabled= &raquo;on|hover &raquo; custom_css_main_element__hover= &raquo;transform: scale(1.1);||transform-origin: center;||transition: all .3s linear; &raquo;][\/et_pb_button][\/et_pb_column][et_pb_column type= &raquo;1_3&Prime; _builder_version= &raquo;4.18.0&Prime; _module_preset= &raquo;default &raquo; global_colors_info= &raquo;{} &raquo;][\/et_pb_column][\/et_pb_row][\/et_pb_section]<\/p>\n","protected":false},"excerpt":{"rendered":"<p>Politique de confidentialit\u00e9Politique de confidentialit\u00e9 Nous vous remercions de visiter le site Web de WESCO North America. Ce site Web est la propri\u00e9t\u00e9 exclusive de WESCO N.A. Inc.\u200b \u200b Adresse postale :\u200b Bureaux de l&rsquo;entreprise\u200b WESCO N. A. Inc.\u200b 770 St Henri\u200b Princeville, G6L5R2, QC, Canada\u200b WESCO N.A. Inc est une filiale du groupe WESCO [&hellip;]<\/p>\n","protected":false},"author":1,"featured_media":0,"parent":0,"menu_order":0,"comment_status":"closed","ping_status":"closed","template":"","meta":{"_et_pb_use_builder":"on","_et_pb_old_content":"","_et_gb_content_width":""},"_links":{"self":[{"href":"https:\/\/www.wescona.com\/fr-ca\/wp-json\/wp\/v2\/pages\/244046"}],"collection":[{"href":"https:\/\/www.wescona.com\/fr-ca\/wp-json\/wp\/v2\/pages"}],"about":[{"href":"https:\/\/www.wescona.com\/fr-ca\/wp-json\/wp\/v2\/types\/page"}],"author":[{"embeddable":true,"href":"https:\/\/www.wescona.com\/fr-ca\/wp-json\/wp\/v2\/users\/1"}],"replies":[{"embeddable":true,"href":"https:\/\/www.wescona.com\/fr-ca\/wp-json\/wp\/v2\/comments?post=244046"}],"version-history":[{"count":5,"href":"https:\/\/www.wescona.com\/fr-ca\/wp-json\/wp\/v2\/pages\/244046\/revisions"}],"predecessor-version":[{"id":282990,"href":"https:\/\/www.wescona.com\/fr-ca\/wp-json\/wp\/v2\/pages\/244046\/revisions\/282990"}],"wp:attachment":[{"href":"https:\/\/www.wescona.com\/fr-ca\/wp-json\/wp\/v2\/media?parent=244046"}],"curies":[{"name":"wp","href":"https:\/\/api.w.org\/{rel}","templated":true}]}}